{"id":279,"date":"2017-03-28T19:20:27","date_gmt":"2017-03-28T19:20:27","guid":{"rendered":"http:\/\/newnotio.fuelthemes.net\/nordic\/?page_id=279"},"modified":"2017-03-28T19:20:27","modified_gmt":"2017-03-28T19:20:27","slug":"home-masonry-style-2","status":"publish","type":"page","link":"https:\/\/barisatiker.net\/index.php\/home-masonry-style-2\/","title":{"rendered":"Home \u2013 Masonry Style 2"},"content":{"rendered":"<div class=\"wpb-content-wrapper\">[vc_row thb_full_width=&#8221;true&#8221; thb_row_padding=&#8221;true&#8221;][vc_column]\n\t<section class=\"thb-portfolio masonry row no-padding  style1 thb-filter-style1\" data-thb-animation=\"thb-animate-from-bottom\" data-thb-animation-speed=\"0.5\" data-loadmore=\"#loadmore-993\" data-filter=\"thb-filter-993\" data-layoutmode=\"packery\" data-grid-type=\"4\" data-security=\"6484e9cfda\">\n\n\t\t\t\t\t<nav class=\"thb-portfolio-filter style1 \t\tthb-fixed\" id=\"thb-filter-993\">\n\t\t\t\t\t<h6 class=\"thb-toggle\">Filters<\/h6>\n\t\t\t\t<ul class=\"filters\">\n\t\t\t<li><a href=\"#\" data-filter=\"*\" class=\"active\" data-count=\"9\">All<\/a><\/li>\n\t\t\t<li><a href=\"#\" data-filter=\".thb-cat-etkinlik\" data-count=\"1\">Etkinlik<\/a><\/li><li><a href=\"#\" data-filter=\".thb-cat-tasarim\" data-count=\"5\">Tasar\u0131m<\/a><\/li><li><a href=\"#\" data-filter=\".thb-cat-\" data-count=\"0\"><\/a><\/li><li><a href=\"#\" data-filter=\".thb-cat-atolye\" data-count=\"1\">At\u00f6lye<\/a><\/li><li><a href=\"#\" data-filter=\".thb-cat-\" data-count=\"0\"><\/a><\/li>\t\t\t\t\t<\/ul>\n\t<\/nav>\n\t\t\t\t\t\t<div class=\"thb-cat-tasarim small-12 large-3 padding-1 hover-style1 title-center thb-animate-from-bottom light-title type-portfolio columns portfolio-style1 post-890 portfolio status-publish has-post-thumbnail hentry project-category-tasarim\" id=\"portfolio-890\">\n\t<div class=\"portfolio-holder\" style=\"padding-bottom: \">\n\t\t<div class=\"thb-placeholder first\"><img loading=\"lazy\" decoding=\"async\" width=\"740\" height=\"920\" src=\"https:\/\/barisatiker.net\/wp-content\/uploads\/2024\/07\/ads18_c.jpg\" class=\"attachment-notio-square-x3 size-notio-square-x3 wp-post-image\" alt=\"\" srcset=\"https:\/\/barisatiker.net\/wp-content\/uploads\/2024\/07\/ads18_c.jpg 740w, https:\/\/barisatiker.net\/wp-content\/uploads\/2024\/07\/ads18_c-241x300.jpg 241w, https:\/\/barisatiker.net\/wp-content\/uploads\/2024\/07\/ads18_c-300x373.jpg 300w, https:\/\/barisatiker.net\/wp-content\/uploads\/2024\/07\/ads18_c-150x186.jpg 150w, https:\/\/barisatiker.net\/wp-content\/uploads\/2024\/07\/ads18_c-600x746.jpg 600w, https:\/\/barisatiker.net\/wp-content\/uploads\/2024\/07\/ads18_c-20x25.jpg 20w\" sizes=\"(max-width: 740px) 100vw, 740px\" \/><\/div>\n\t\t\t\t\t\t<a href=\"https:\/\/barisatiker.net\/index.php\/portfolio\/ads18\/\" rel=\"bookmark\" class=\"portfolio-link portfolio-link\">\n\t\t\t<h2><span>ARCH+DSGN 18<\/span><\/h2>\n\t\t\t\t\t\t<aside class=\"thb-categories\"><span>Tasar\u0131m<\/span><\/aside>\n\t\t\t\t\t<\/a>\n\t<\/div>\n<\/div>\n\t<div class=\"thb-cat-tasarim small-12 large-3 padding-2 hover-style1 title-center thb-animate-from-bottom light-title type-portfolio columns portfolio-style1 post-864 portfolio status-publish has-post-thumbnail hentry project-category-tasarim\" id=\"portfolio-864\">\n\t<div class=\"portfolio-holder\" style=\"padding-bottom: \">\n\t\t<div class=\"thb-placeholder first\"><img loading=\"lazy\" decoding=\"async\" width=\"740\" height=\"920\" src=\"https:\/\/barisatiker.net\/wp-content\/uploads\/2024\/07\/asuman_c.jpg\" class=\"attachment-notio-tall-x3 size-notio-tall-x3 wp-post-image\" alt=\"\" srcset=\"https:\/\/barisatiker.net\/wp-content\/uploads\/2024\/07\/asuman_c.jpg 740w, https:\/\/barisatiker.net\/wp-content\/uploads\/2024\/07\/asuman_c-241x300.jpg 241w, https:\/\/barisatiker.net\/wp-content\/uploads\/2024\/07\/asuman_c-300x373.jpg 300w, https:\/\/barisatiker.net\/wp-content\/uploads\/2024\/07\/asuman_c-150x186.jpg 150w, https:\/\/barisatiker.net\/wp-content\/uploads\/2024\/07\/asuman_c-600x746.jpg 600w, https:\/\/barisatiker.net\/wp-content\/uploads\/2024\/07\/asuman_c-20x25.jpg 20w\" sizes=\"(max-width: 740px) 100vw, 740px\" \/><\/div>\n\t\t\t\t\t\t<a href=\"https:\/\/barisatiker.net\/index.php\/portfolio\/asuman\/\" rel=\"bookmark\" class=\"portfolio-link portfolio-link\">\n\t\t\t<h2><span>Asuman \u00c7ikolata<\/span><\/h2>\n\t\t\t\t\t\t<aside class=\"thb-categories\"><span>Tasar\u0131m<\/span><\/aside>\n\t\t\t\t\t<\/a>\n\t<\/div>\n<\/div>\n\t<div class=\"thb-cat-etkinlik small-12 large-3 padding-1 hover-style1 title-center thb-animate-from-bottom dark-title type-portfolio columns portfolio-style1 post-275 portfolio status-publish has-post-thumbnail hentry project-category-etkinlik\" id=\"portfolio-275\">\n\t<div class=\"portfolio-holder\" style=\"padding-bottom: \">\n\t\t<div class=\"thb-placeholder first\"><img loading=\"lazy\" decoding=\"async\" width=\"740\" height=\"920\" src=\"https:\/\/barisatiker.net\/wp-content\/uploads\/2017\/03\/sura.jpg\" class=\"attachment-notio-square-x3 size-notio-square-x3 wp-post-image\" alt=\"\" srcset=\"https:\/\/barisatiker.net\/wp-content\/uploads\/2017\/03\/sura.jpg 740w, https:\/\/barisatiker.net\/wp-content\/uploads\/2017\/03\/sura-241x300.jpg 241w, https:\/\/barisatiker.net\/wp-content\/uploads\/2017\/03\/sura-300x373.jpg 300w, https:\/\/barisatiker.net\/wp-content\/uploads\/2017\/03\/sura-150x186.jpg 150w, https:\/\/barisatiker.net\/wp-content\/uploads\/2017\/03\/sura-600x746.jpg 600w, https:\/\/barisatiker.net\/wp-content\/uploads\/2017\/03\/sura-20x25.jpg 20w\" sizes=\"(max-width: 740px) 100vw, 740px\" \/><\/div>\n\t\t\t\t\t\t<a href=\"https:\/\/barisatiker.net\/index.php\/portfolio\/bilisimsurasi\/\" rel=\"bookmark\" class=\"portfolio-link portfolio-link\">\n\t\t\t<h2><span>3. Bili\u015fim \u015euras\u0131 \u00c7al\u0131\u015ftay\u0131<\/span><\/h2>\n\t\t\t\t\t\t<aside class=\"thb-categories\"><span>Etkinlik<\/span><\/aside>\n\t\t\t\t\t<\/a>\n\t<\/div>\n<\/div>\n\t<div class=\"thb-cat-tasarim small-12 large-3 padding-1 hover-style1 title-center thb-animate-from-bottom light-title type-portfolio columns portfolio-style1 post-346 portfolio status-publish has-post-thumbnail hentry project-category-tasarim\" id=\"portfolio-346\">\n\t<div class=\"portfolio-holder\" style=\"padding-bottom: \">\n\t\t<div class=\"thb-placeholder first\"><img loading=\"lazy\" decoding=\"async\" width=\"740\" height=\"920\" src=\"https:\/\/barisatiker.net\/wp-content\/uploads\/2017\/03\/olevo_cover.jpg\" class=\"attachment-notio-square-x3 size-notio-square-x3 wp-post-image\" alt=\"\" srcset=\"https:\/\/barisatiker.net\/wp-content\/uploads\/2017\/03\/olevo_cover.jpg 740w, https:\/\/barisatiker.net\/wp-content\/uploads\/2017\/03\/olevo_cover-241x300.jpg 241w, https:\/\/barisatiker.net\/wp-content\/uploads\/2017\/03\/olevo_cover-300x373.jpg 300w, https:\/\/barisatiker.net\/wp-content\/uploads\/2017\/03\/olevo_cover-150x186.jpg 150w, https:\/\/barisatiker.net\/wp-content\/uploads\/2017\/03\/olevo_cover-600x746.jpg 600w, https:\/\/barisatiker.net\/wp-content\/uploads\/2017\/03\/olevo_cover-20x25.jpg 20w\" sizes=\"(max-width: 740px) 100vw, 740px\" \/><\/div>\n\t\t\t\t\t\t<a href=\"https:\/\/barisatiker.net\/index.php\/portfolio\/olevo\/\" rel=\"bookmark\" class=\"portfolio-link portfolio-link\">\n\t\t\t<h2><span>OLEVO<\/span><\/h2>\n\t\t\t\t\t\t<aside class=\"thb-categories\"><span>Tasar\u0131m<\/span><\/aside>\n\t\t\t\t\t<\/a>\n\t<\/div>\n<\/div>\n\t<div class=\"thb-cat-akademik small-12 large-3 padding-1 hover-style1 title-center thb-animate-from-bottom light-title type-portfolio columns portfolio-style1 post-276 portfolio status-publish has-post-thumbnail hentry project-category-akademik\" id=\"portfolio-276\">\n\t<div class=\"portfolio-holder\" style=\"padding-bottom: \">\n\t\t<div class=\"thb-placeholder first\"><img loading=\"lazy\" decoding=\"async\" width=\"740\" height=\"920\" src=\"https:\/\/barisatiker.net\/wp-content\/uploads\/2017\/03\/ilefiglogo2.jpg\" class=\"attachment-notio-square-x3 size-notio-square-x3 wp-post-image\" alt=\"\" srcset=\"https:\/\/barisatiker.net\/wp-content\/uploads\/2017\/03\/ilefiglogo2.jpg 740w, https:\/\/barisatiker.net\/wp-content\/uploads\/2017\/03\/ilefiglogo2-241x300.jpg 241w, https:\/\/barisatiker.net\/wp-content\/uploads\/2017\/03\/ilefiglogo2-300x373.jpg 300w, https:\/\/barisatiker.net\/wp-content\/uploads\/2017\/03\/ilefiglogo2-150x186.jpg 150w, https:\/\/barisatiker.net\/wp-content\/uploads\/2017\/03\/ilefiglogo2-600x746.jpg 600w, https:\/\/barisatiker.net\/wp-content\/uploads\/2017\/03\/ilefiglogo2-20x25.jpg 20w\" sizes=\"(max-width: 740px) 100vw, 740px\" \/><\/div>\n\t\t\t\t\t\t<a href=\"https:\/\/barisatiker.net\/index.php\/portfolio\/ilefig24\/\" rel=\"bookmark\" class=\"portfolio-link portfolio-link\">\n\t\t\t<h2><span>ILEFIG 24<\/span><\/h2>\n\t\t\t\t\t\t<aside class=\"thb-categories\"><span>Akademik<\/span><\/aside>\n\t\t\t\t\t<\/a>\n\t<\/div>\n<\/div>\n\t<div class=\"thb-cat-akademik small-12 large-3 padding-1 hover-style1 title-center thb-animate-from-bottom light-title type-portfolio columns portfolio-style1 post-274 portfolio status-publish has-post-thumbnail hentry project-category-akademik\" id=\"portfolio-274\">\n\t<div class=\"portfolio-holder\" style=\"padding-bottom: \">\n\t\t<div class=\"thb-placeholder first\"><img loading=\"lazy\" decoding=\"async\" width=\"740\" height=\"920\" src=\"https:\/\/barisatiker.net\/wp-content\/uploads\/2017\/03\/ictadc_c.jpg\" class=\"attachment-notio-square-x3 size-notio-square-x3 wp-post-image\" alt=\"\" srcset=\"https:\/\/barisatiker.net\/wp-content\/uploads\/2017\/03\/ictadc_c.jpg 740w, https:\/\/barisatiker.net\/wp-content\/uploads\/2017\/03\/ictadc_c-241x300.jpg 241w, https:\/\/barisatiker.net\/wp-content\/uploads\/2017\/03\/ictadc_c-300x373.jpg 300w, https:\/\/barisatiker.net\/wp-content\/uploads\/2017\/03\/ictadc_c-150x186.jpg 150w, https:\/\/barisatiker.net\/wp-content\/uploads\/2017\/03\/ictadc_c-600x746.jpg 600w, https:\/\/barisatiker.net\/wp-content\/uploads\/2017\/03\/ictadc_c-20x25.jpg 20w\" sizes=\"(max-width: 740px) 100vw, 740px\" \/><\/div>\n\t\t\t\t\t\t<a href=\"https:\/\/barisatiker.net\/index.php\/portfolio\/ictadc24\/\" rel=\"bookmark\" class=\"portfolio-link portfolio-link\">\n\t\t\t<h2><span>ICTADC 24<\/span><\/h2>\n\t\t\t\t\t\t<aside class=\"thb-categories\"><span>Akademik<\/span><\/aside>\n\t\t\t\t\t<\/a>\n\t<\/div>\n<\/div>\n\t<div class=\"thb-cat-atolye small-12 large-3 padding-2 hover-style1 title-center thb-animate-from-bottom light-title type-portfolio columns portfolio-style1 post-273 portfolio status-publish has-post-thumbnail hentry project-category-atolye\" id=\"portfolio-273\">\n\t<div class=\"portfolio-holder\" style=\"padding-bottom: \">\n\t\t<div class=\"thb-placeholder first\"><img loading=\"lazy\" decoding=\"async\" width=\"740\" height=\"920\" src=\"https:\/\/barisatiker.net\/wp-content\/uploads\/2017\/03\/denib_c.jpg\" class=\"attachment-notio-tall-x3 size-notio-tall-x3 wp-post-image\" alt=\"\" srcset=\"https:\/\/barisatiker.net\/wp-content\/uploads\/2017\/03\/denib_c.jpg 740w, https:\/\/barisatiker.net\/wp-content\/uploads\/2017\/03\/denib_c-241x300.jpg 241w, https:\/\/barisatiker.net\/wp-content\/uploads\/2017\/03\/denib_c-300x373.jpg 300w, https:\/\/barisatiker.net\/wp-content\/uploads\/2017\/03\/denib_c-150x186.jpg 150w, https:\/\/barisatiker.net\/wp-content\/uploads\/2017\/03\/denib_c-600x746.jpg 600w, https:\/\/barisatiker.net\/wp-content\/uploads\/2017\/03\/denib_c-20x25.jpg 20w\" sizes=\"(max-width: 740px) 100vw, 740px\" \/><\/div>\n\t\t\t\t\t\t<a href=\"https:\/\/barisatiker.net\/index.php\/portfolio\/denib\/\" rel=\"bookmark\" class=\"portfolio-link portfolio-link\">\n\t\t\t<h2><span>DENIB<\/span><\/h2>\n\t\t\t\t\t\t<aside class=\"thb-categories\"><span>At\u00f6lye<\/span><\/aside>\n\t\t\t\t\t<\/a>\n\t<\/div>\n<\/div>\n\t<div class=\"thb-cat-tasarim small-12 large-3 padding-1 hover-style1 title-center thb-animate-from-bottom light-title type-portfolio columns portfolio-style1 post-272 portfolio status-publish has-post-thumbnail hentry project-category-tasarim\" id=\"portfolio-272\">\n\t<div class=\"portfolio-holder\" style=\"padding-bottom: \">\n\t\t<div class=\"thb-placeholder first\"><img loading=\"lazy\" decoding=\"async\" width=\"740\" height=\"920\" src=\"https:\/\/barisatiker.net\/wp-content\/uploads\/2017\/03\/berry_c.jpg\" class=\"attachment-notio-square-x3 size-notio-square-x3 wp-post-image\" alt=\"\" srcset=\"https:\/\/barisatiker.net\/wp-content\/uploads\/2017\/03\/berry_c.jpg 740w, https:\/\/barisatiker.net\/wp-content\/uploads\/2017\/03\/berry_c-241x300.jpg 241w, https:\/\/barisatiker.net\/wp-content\/uploads\/2017\/03\/berry_c-300x373.jpg 300w, https:\/\/barisatiker.net\/wp-content\/uploads\/2017\/03\/berry_c-150x186.jpg 150w, https:\/\/barisatiker.net\/wp-content\/uploads\/2017\/03\/berry_c-600x746.jpg 600w, https:\/\/barisatiker.net\/wp-content\/uploads\/2017\/03\/berry_c-20x25.jpg 20w\" sizes=\"(max-width: 740px) 100vw, 740px\" \/><\/div>\n\t\t\t\t\t\t<a href=\"https:\/\/barisatiker.net\/index.php\/portfolio\/berrymuse\/\" rel=\"bookmark\" class=\"portfolio-link portfolio-link\">\n\t\t\t<h2><span>BerryMuse<\/span><\/h2>\n\t\t\t\t\t\t<aside class=\"thb-categories\"><span>Tasar\u0131m<\/span><\/aside>\n\t\t\t\t\t<\/a>\n\t<\/div>\n<\/div>\n\t<div class=\"thb-cat-tasarim small-12 large-3 padding-1 hover-style1 title-center thb-animate-from-bottom dark-title type-portfolio columns portfolio-style1 post-271 portfolio status-publish has-post-thumbnail hentry project-category-tasarim\" id=\"portfolio-271\">\n\t<div class=\"portfolio-holder\" style=\"padding-bottom: \">\n\t\t<div class=\"thb-placeholder first\"><img loading=\"lazy\" decoding=\"async\" width=\"740\" height=\"920\" src=\"https:\/\/barisatiker.net\/wp-content\/uploads\/2017\/03\/smithfield_cov.jpg\" class=\"attachment-notio-square-x3 size-notio-square-x3 wp-post-image\" alt=\"\" srcset=\"https:\/\/barisatiker.net\/wp-content\/uploads\/2017\/03\/smithfield_cov.jpg 740w, https:\/\/barisatiker.net\/wp-content\/uploads\/2017\/03\/smithfield_cov-241x300.jpg 241w, https:\/\/barisatiker.net\/wp-content\/uploads\/2017\/03\/smithfield_cov-300x373.jpg 300w, https:\/\/barisatiker.net\/wp-content\/uploads\/2017\/03\/smithfield_cov-150x186.jpg 150w, https:\/\/barisatiker.net\/wp-content\/uploads\/2017\/03\/smithfield_cov-600x746.jpg 600w, https:\/\/barisatiker.net\/wp-content\/uploads\/2017\/03\/smithfield_cov-20x25.jpg 20w\" sizes=\"(max-width: 740px) 100vw, 740px\" \/><\/div>\n\t\t\t\t\t\t<a href=\"https:\/\/barisatiker.net\/index.php\/portfolio\/smithfield\/\" rel=\"bookmark\" class=\"portfolio-link portfolio-link\">\n\t\t\t<h2><span>Smithfield<\/span><\/h2>\n\t\t\t\t\t\t<aside class=\"thb-categories\"><span>Tasar\u0131m<\/span><\/aside>\n\t\t\t\t\t<\/a>\n\t<\/div>\n<\/div>\n\t\t<\/section>\n\t\t<div class=\"text-center\">\n\t\t<a class=\"masonry_btn btn loadmore\" href=\"#\" id=\"loadmore-993\">Load More<\/a>\n\t<\/div>\n\t\n\t[\/vc_column][\/vc_row]\n<\/div>","protected":false},"excerpt":{"rendered":"<p>[vc_row thb_full_width=&#8221;true&#8221; thb_row_padding=&#8221;true&#8221;][vc_column][\/vc_column][\/vc_row]<\/p>\n","protected":false},"author":1,"featured_media":0,"parent":0,"menu_order":0,"comment_status":"closed","ping_status":"closed","template":"","meta":{"footnotes":""},"jetpack_sharing_enabled":true,"_links":{"self":[{"href":"https:\/\/barisatiker.net\/index.php\/wp-json\/wp\/v2\/pages\/279"}],"collection":[{"href":"https:\/\/barisatiker.net\/index.php\/wp-json\/wp\/v2\/pages"}],"about":[{"href":"https:\/\/barisatiker.net\/index.php\/wp-json\/wp\/v2\/types\/page"}],"author":[{"embeddable":true,"href":"https:\/\/barisatiker.net\/index.php\/wp-json\/wp\/v2\/users\/1"}],"replies":[{"embeddable":true,"href":"https:\/\/barisatiker.net\/index.php\/wp-json\/wp\/v2\/comments?post=279"}],"version-history":[{"count":0,"href":"https:\/\/barisatiker.net\/index.php\/wp-json\/wp\/v2\/pages\/279\/revisions"}],"wp:attachment":[{"href":"https:\/\/barisatiker.net\/index.php\/wp-json\/wp\/v2\/media?parent=279"}],"curies":[{"name":"wp","href":"https:\/\/api.w.org\/{rel}","templated":true}]}}