{"id":831,"date":"2024-07-06T17:40:45","date_gmt":"2024-07-06T17:40:45","guid":{"rendered":"http:\/\/barisatiker.net\/?page_id=831"},"modified":"2024-07-07T06:23:15","modified_gmt":"2024-07-07T06:23:15","slug":"danismanlik","status":"publish","type":"page","link":"https:\/\/barisatiker.net\/index.php\/danismanlik\/","title":{"rendered":"Dan\u0131\u015fmanl\u0131k"},"content":{"rendered":"<div class=\"wpb-content-wrapper\">[vc_row thb_full_width=&#8221;true&#8221; thb_row_padding=&#8221;true&#8221; mouse_scroll=&#8221;true&#8221; css=&#8221;.vc_custom_1491571562992{padding-top: 30vh !important;padding-bottom: 30vh !important;background-image: url(http:\/\/newnotio.fuelthemes.net\/wp-content\/uploads\/sites\/7\/2017\/03\/about-corporate.jpg?id=387) !important;background-position: center !important;background-repeat: no-repeat !important;background-size: cover !important;}&#8221;][vc_column][\/vc_column][\/vc_row][vc_row css=&#8221;.vc_custom_1491555993974{padding-top: 8vh !important;padding-bottom: 8vh !important;}&#8221;][vc_column width=&#8221;1\/4&#8243;][vc_column_text css=&#8221;&#8221;]\n<h5>Dan\u0131\u015fmanl\u0131k<\/h5>\n[\/vc_column_text][vc_empty_space height=&#8221;35px&#8221;][\/vc_column][vc_column width=&#8221;3\/4&#8243;][vc_column_text css=&#8221;&#8221;]\n<h3><strong>Tasar\u0131m vizyonunuzu birlikte ger\u00e7e\u011fe d\u00f6n\u00fc\u015ft\u00fcrelim<\/strong><\/h3>\n[\/vc_column_text][vc_empty_space height=&#8221;40px&#8221;][vc_column_text css=&#8221;&#8221;]25 y\u0131l\u0131 a\u015fk\u0131n profesyonel ve akademik deneyimimle, tasar\u0131m projelerinizi bir \u00fcst seviyeye ta\u015f\u0131yacak kapsaml\u0131 dan\u0131\u015fmanl\u0131k hizmetleri ile proje y\u00f6netiminden yetenek geli\u015fimine, yenilik\u00e7i teknolojilerden tasar\u0131m d\u00fc\u015f\u00fcncesine ve yarat\u0131c\u0131 liderli\u011fe uzanan geni\u015f bir yelpazede uzmanl\u0131k sa\u011fl\u0131yorum. Yakla\u015f\u0131m\u0131m, her projenin benzersiz ihtiya\u00e7lar\u0131n\u0131 anlamak ve bu do\u011frultuda \u00f6zelle\u015ftirilmi\u015f \u00e7\u00f6z\u00fcmler sunmak \u00fczerine kurulu. Amac\u0131m, organizasyonunuzun yarat\u0131c\u0131 potansiyelini en \u00fcst d\u00fczeye \u00e7\u0131karman\u0131za, yenilik\u00e7i fikirler geli\u015ftirmenize ve tasar\u0131m projelerinizi etkili bir \u015fekilde hayata ge\u00e7irmenize yard\u0131mc\u0131 olmak. Deneyimim ve bilgi birikimimle, tasar\u0131m d\u00fcnyas\u0131ndaki zorluklarla ba\u015fa \u00e7\u0131kman\u0131za ve f\u0131rsatlar\u0131 de\u011ferlendirmenize rehberlik etmek i\u00e7in bir mesaj\u0131n\u0131z yeterli&#8230;[\/vc_column_text][\/vc_column][\/vc_row][vc_row css=&#8221;.vc_custom_1491556097634{padding-bottom: 7vh !important;}&#8221;][vc_column]\t<div id=\"thb-image-slider-24\" class=\"thb-image-slider slick row  offset-nav\" data-pagination=\"\" data-navigation=\"true\" data-center=\"\" data-columns=\"2\" data-infinite=\"true\" data-autoplay=\"\" data-autoplay-speed=\"4000\">\n\t\t\t\t\t\t<figure class=\"columns\">\n\t\t\t\t\t\t\t\t<img loading=\"lazy\" decoding=\"async\" width=\"650\" height=\"433\" src=\"https:\/\/barisatiker.net\/wp-content\/uploads\/2017\/03\/h8.jpg\" class=\"attachment-$size_class size-$size_class thb-ignore-lazyload\" alt=\"\" srcset=\"https:\/\/barisatiker.net\/wp-content\/uploads\/2017\/03\/h8.jpg 650w, https:\/\/barisatiker.net\/wp-content\/uploads\/2017\/03\/h8-600x400.jpg 600w\" sizes=\"(max-width: 650px) 100vw, 650px\" \/>\t\t\t\t\t\t\t\t\t<\/figure>\n\t\t\t\t\t\t\t\t<figure class=\"columns\">\n\t\t\t\t\t\t\t\t<img loading=\"lazy\" decoding=\"async\" width=\"650\" height=\"433\" src=\"https:\/\/barisatiker.net\/wp-content\/uploads\/2017\/03\/h9.jpg\" class=\"attachment-$size_class size-$size_class thb-ignore-lazyload\" alt=\"\" srcset=\"https:\/\/barisatiker.net\/wp-content\/uploads\/2017\/03\/h9.jpg 650w, https:\/\/barisatiker.net\/wp-content\/uploads\/2017\/03\/h9-600x400.jpg 600w\" sizes=\"(max-width: 650px) 100vw, 650px\" \/>\t\t\t\t\t\t\t\t\t<\/figure>\n\t\t\t\t\t\t\t\t<figure class=\"columns\">\n\t\t\t\t\t\t\t\t<img loading=\"lazy\" decoding=\"async\" width=\"650\" height=\"433\" src=\"https:\/\/barisatiker.net\/wp-content\/uploads\/2017\/03\/h10.jpg\" class=\"attachment-$size_class size-$size_class thb-ignore-lazyload\" alt=\"\" srcset=\"https:\/\/barisatiker.net\/wp-content\/uploads\/2017\/03\/h10.jpg 650w, https:\/\/barisatiker.net\/wp-content\/uploads\/2017\/03\/h10-600x400.jpg 600w\" sizes=\"(max-width: 650px) 100vw, 650px\" \/>\t\t\t\t\t\t\t\t\t<\/figure>\n\t\t\t\t\t<\/div>\n\t[\/vc_column][\/vc_row][vc_row css=&#8221;.vc_custom_1491556080225{padding-top: 7vh !important;padding-bottom: 5vh !important;}&#8221;][vc_column width=&#8221;1\/4&#8243;][vc_empty_space height=&#8221;5px&#8221;][vc_column_text css=&#8221;&#8221;]\n<h5>Rakamlar<\/h5>\n[\/vc_column_text][vc_empty_space height=&#8221;35px&#8221;][\/vc_column][vc_column width=&#8221;3\/4&#8243;][vc_row_inner][vc_column_inner width=&#8221;1\/3&#8243; css=&#8221;.vc_custom_1491559823762{padding-right: 5% !important;}&#8221;]\t<div class=\"thb-counter\" id=\"thb-counter-94\">\n\t\t<style>\n\t\t#thb-counter-94 .odometer.odometer-auto-theme.odometer-animating-up .odometer-ribbon-inner,\n\t\t#thb-counter-94 .odometer.odometer-theme-minimal.odometer-animating-up .odometer-ribbon-inner {\n\t\t\ttransition: transform 1s;\n\t\t}\n\t\t#thb-counter-94 figure {\n\t\t\tcolor: ;\n\t\t}\n\t\t#thb-counter-94 svg path,\n\t\t#thb-counter-94 svg circle,\n\t\t#thb-counter-94 rect,\n\t\t#thb-counter-94 svg ellipse {\n\t\t\tstroke: ;\n\t\t}\n\t\t#thb-counter-94 .number {\n\t\t\tcolor: #006bff;\n\t\t}\n\t\t<\/style>\n\t\t\t\t<div class=\"number\" data-count=\"246\" data-speed=\"1000\">0<\/div>\n\t\t<h6>Tasar\u0131m Projesi<\/h6>\n\t\t\t\t<div>Logodan websitesine,TV reklam\u0131ndan film g\u00f6rsel efektlerine kadar farkl\u0131 alanlarda ba\u015far\u0131yla tamamlanm\u0131\u015f bir \u00e7ok \u00f6d\u00fcll\u00fc proje<\/div>\n\t\t\t<\/div>\n\t[vc_empty_space height=&#8221;40px&#8221;][\/vc_column_inner][vc_column_inner width=&#8221;1\/3&#8243; css=&#8221;.vc_custom_1491559829600{padding-right: 5% !important;}&#8221;]\t<div class=\"thb-counter\" id=\"thb-counter-92\">\n\t\t<style>\n\t\t#thb-counter-92 .odometer.odometer-auto-theme.odometer-animating-up .odometer-ribbon-inner,\n\t\t#thb-counter-92 .odometer.odometer-theme-minimal.odometer-animating-up .odometer-ribbon-inner {\n\t\t\ttransition: transform 1s;\n\t\t}\n\t\t#thb-counter-92 figure {\n\t\t\tcolor: ;\n\t\t}\n\t\t#thb-counter-92 svg path,\n\t\t#thb-counter-92 svg circle,\n\t\t#thb-counter-92 rect,\n\t\t#thb-counter-92 svg ellipse {\n\t\t\tstroke: ;\n\t\t}\n\t\t#thb-counter-92 .number {\n\t\t\tcolor: #006bff;\n\t\t}\n\t\t<\/style>\n\t\t\t\t<div class=\"number\" data-count=\"24\" data-speed=\"1000\">0<\/div>\n\t\t<h6>Dan\u0131\u015fmanl\u0131k<\/h6>\n\t\t\t\t<div>Y\u0131llara yay\u0131lan ortakl\u0131klar ve i\u015f birlikleri ile tamamlanan proje dan\u0131\u015fmanl\u0131klar\u0131<\/div>\n\t\t\t<\/div>\n\t[vc_empty_space height=&#8221;40px&#8221;][\/vc_column_inner][vc_column_inner width=&#8221;1\/3&#8243; css=&#8221;.vc_custom_1491559840790{padding-right: 5% !important;}&#8221;]\t<div class=\"thb-counter\" id=\"thb-counter-46\">\n\t\t<style>\n\t\t#thb-counter-46 .odometer.odometer-auto-theme.odometer-animating-up .odometer-ribbon-inner,\n\t\t#thb-counter-46 .odometer.odometer-theme-minimal.odometer-animating-up .odometer-ribbon-inner {\n\t\t\ttransition: transform 1s;\n\t\t}\n\t\t#thb-counter-46 figure {\n\t\t\tcolor: ;\n\t\t}\n\t\t#thb-counter-46 svg path,\n\t\t#thb-counter-46 svg circle,\n\t\t#thb-counter-46 rect,\n\t\t#thb-counter-46 svg ellipse {\n\t\t\tstroke: ;\n\t\t}\n\t\t#thb-counter-46 .number {\n\t\t\tcolor: #006bff;\n\t\t}\n\t\t<\/style>\n\t\t\t\t<div class=\"number\" data-count=\"144\" data-speed=\"1000\">0<\/div>\n\t\t<h6>Kurumsal At\u00f6lye<\/h6>\n\t\t\t\t<div>Milyonlarca kullan\u0131c\u0131ya hizmet eden \u00f6nemli marka ve kurumlarla y\u00fczy\u00fcze ve \u00e7evrimi\u00e7i ger\u00e7ekle\u015ftirilen uygulamalar\u0131 at\u00f6lyeler<\/div>\n\t\t\t<\/div>\n\t[vc_empty_space height=&#8221;40px&#8221;][\/vc_column_inner][\/vc_row_inner][\/vc_column][\/vc_row][vc_row css=&#8221;.vc_custom_1491556080225{padding-top: 7vh !important;padding-bottom: 5vh !important;}&#8221;][vc_column width=&#8221;1\/4&#8243;][vc_column_text css=&#8221;&#8221;]\n<h5>Konular<\/h5>\n[\/vc_column_text][vc_empty_space height=&#8221;35px&#8221;][\/vc_column][vc_column width=&#8221;3\/4&#8243;][vc_row_inner][vc_column_inner width=&#8221;1\/3&#8243;]\t\t<div id=\"thb-iconbox-90\" class=\"thb-iconbox top type1 left-aligned\" data-animation_speed=\"1\">\n\t\t\t<span><svg xmlns=\"http:\/\/www.w3.org\/2000\/svg\" viewBox=\"0 0 64 64\" enable-background=\"new 0 0 64 64\"><g fill=\"none\" stroke=\"#000\" stroke-width=\"2\" stroke-miterlimit=\"10\"><path d=\"m44 18h10v45h-44v-45h10z\"\/><path d=\"m22 24v-13c0-5.523 4.477-10 10-10s10 4.477 10 10v13\"\/><\/g><\/svg><\/span>\n\t\t\t<div class=\"content\">\n\t\t\t\t<h6>Pazarlama<\/h6>\n\t\t\t\t\t\t\t\t\t<div><p>\u00dcr\u00fcnlerinizin her alanda sat\u0131\u015f ve pazarlamas\u0131na \u00e7ok boyutlu etki eden tasar\u0131m \u00e7\u00f6z\u00fcmleri<\/p>\n<\/div>\n\t\t\t\t\t\t\t<\/div>\n\t\t\t<style>\n\t\t\t\t#thb-iconbox-90>span {\n\t\t\t\t\tcolor: #006bff;\n\t\t\t\t}\n\t\t\t\t#thb-iconbox-90>span {\n\t\t\t\t\tbackground-color: ;\n\t\t\t\t}\n\t\t\t\t#thb-iconbox-90 .content h6 {\n\t\t\t\t\tcolor: ;\n\t\t\t\t}\n\t\t\t\t#thb-iconbox-90 .content div {\n\t\t\t\t\tcolor: ;\n\t\t\t\t}\n\t\t\t\t\t\t\t\t#thb-iconbox-90 svg path,\n\t\t\t\t#thb-iconbox-90 svg circle,\n\t\t\t\t#thb-iconbox-90 rect,\n\t\t\t\t#thb-iconbox-90 svg ellipse {\n\t\t\t\t\tstroke: #006bff;\n\t\t\t\t}\n\t\t\t\t\t\t\t<\/style>\n\n\t\t<\/div>\n\t[vc_empty_space height=&#8221;40px&#8221;][\/vc_column_inner][vc_column_inner width=&#8221;1\/3&#8243;]\t\t<div id=\"thb-iconbox-22\" class=\"thb-iconbox top type1 left-aligned\" data-animation_speed=\"1\">\n\t\t\t<span><svg xmlns=\"http:\/\/www.w3.org\/2000\/svg\" viewBox=\"0 0 64 64\" enable-background=\"new 0 0 64 64\"><g fill=\"none\" stroke=\"#000\" stroke-width=\"2\" stroke-miterlimit=\"10\"><path d=\"m1 53h10v10h-10z\"\/><path d=\"m53 1h10v10h-10z\"\/><path d=\"m44 22v-2h-2\"\/><path stroke-dasharray=\"4 2\" d=\"m40 20h-17\"\/><path d=\"m22 20h-2v2\"\/><path stroke-dasharray=\"4 2\" d=\"m20 24v17\"\/><path d=\"m20 42v2h2\"\/><path stroke-dasharray=\"4 2\" d=\"m24 44h17\"\/><path d=\"m42 44h2v-2\"\/><path stroke-dasharray=\"4 2\" d=\"m44 40v-17\"\/><path d=\"m11 53l9-9\"\/><path d=\"m44 20l9-9\"\/><path d=\"m32 25v14\"\/><path d=\"m39 32h-14\"\/><\/g><\/svg><\/span>\n\t\t\t<div class=\"content\">\n\t\t\t\t<h6>Yetenek Y\u00f6netimi<\/h6>\n\t\t\t\t\t\t\t\t\t<div><p>Do\u011fru yetenekle \u00e7al\u0131\u015ft\u0131\u011f\u0131n\u0131zdan sizin ad\u0131n\u0131za emin olan yetenek y\u00f6netim ve takip sistemi<\/p>\n<\/div>\n\t\t\t\t\t\t\t<\/div>\n\t\t\t<style>\n\t\t\t\t#thb-iconbox-22>span {\n\t\t\t\t\tcolor: #006bff;\n\t\t\t\t}\n\t\t\t\t#thb-iconbox-22>span {\n\t\t\t\t\tbackground-color: ;\n\t\t\t\t}\n\t\t\t\t#thb-iconbox-22 .content h6 {\n\t\t\t\t\tcolor: ;\n\t\t\t\t}\n\t\t\t\t#thb-iconbox-22 .content div {\n\t\t\t\t\tcolor: ;\n\t\t\t\t}\n\t\t\t\t\t\t\t\t#thb-iconbox-22 svg path,\n\t\t\t\t#thb-iconbox-22 svg circle,\n\t\t\t\t#thb-iconbox-22 rect,\n\t\t\t\t#thb-iconbox-22 svg ellipse {\n\t\t\t\t\tstroke: #006bff;\n\t\t\t\t}\n\t\t\t\t\t\t\t<\/style>\n\n\t\t<\/div>\n\t[vc_empty_space height=&#8221;40px&#8221;][\/vc_column_inner][vc_column_inner width=&#8221;1\/3&#8243;]\t\t<div id=\"thb-iconbox-53\" class=\"thb-iconbox top type1 left-aligned\" data-animation_speed=\"1\">\n\t\t\t<span><svg xmlns=\"http:\/\/www.w3.org\/2000\/svg\" viewBox=\"0 0 64 64\" enable-background=\"new 0 0 64 64\"><g fill=\"none\" stroke=\"#000\" stroke-width=\"2\" stroke-miterlimit=\"10\"><path d=\"M18 26.07 2 33 32 45 62 33 46 26.07\"\/><path d=\"M18 39.07 2 46 32 58 62 46 46 39.07\"\/><path d=\"M32 32 62 20 32 7 2 20z\"\/><\/g><\/svg><\/span>\n\t\t\t<div class=\"content\">\n\t\t\t\t<h6>Proje Y\u00f6netimi<\/h6>\n\t\t\t\t\t\t\t\t\t<div><p>Tasar\u0131m\u0131n\u0131z\u0131 hayata ge\u00e7irecek katmanl\u0131 stratejiler, persona ve kullan\u0131c\u0131 senaryolar\u0131<\/p>\n<\/div>\n\t\t\t\t\t\t\t<\/div>\n\t\t\t<style>\n\t\t\t\t#thb-iconbox-53>span {\n\t\t\t\t\tcolor: #006bff;\n\t\t\t\t}\n\t\t\t\t#thb-iconbox-53>span {\n\t\t\t\t\tbackground-color: ;\n\t\t\t\t}\n\t\t\t\t#thb-iconbox-53 .content h6 {\n\t\t\t\t\tcolor: ;\n\t\t\t\t}\n\t\t\t\t#thb-iconbox-53 .content div {\n\t\t\t\t\tcolor: ;\n\t\t\t\t}\n\t\t\t\t\t\t\t\t#thb-iconbox-53 svg path,\n\t\t\t\t#thb-iconbox-53 svg circle,\n\t\t\t\t#thb-iconbox-53 rect,\n\t\t\t\t#thb-iconbox-53 svg ellipse {\n\t\t\t\t\tstroke: #006bff;\n\t\t\t\t}\n\t\t\t\t\t\t\t<\/style>\n\n\t\t<\/div>\n\t[vc_empty_space height=&#8221;40px&#8221;][\/vc_column_inner][\/vc_row_inner][vc_row_inner][vc_column_inner width=&#8221;1\/3&#8243;]\t\t<div id=\"thb-iconbox-74\" class=\"thb-iconbox top type1 left-aligned\" data-animation_speed=\"1\">\n\t\t\t<span><svg xmlns=\"http:\/\/www.w3.org\/2000\/svg\" viewBox=\"0 0 64 64\" enable-background=\"new 0 0 64 64\"><g fill=\"none\" stroke=\"#000\" stroke-width=\"2\" stroke-miterlimit=\"10\"><path d=\"m51.799 15.202c10.936 10.933 10.936 28.662 0 39.595-10.935 10.938-28.664 10.938-39.598 0-10.935-10.933-10.935-28.662 0-39.595 10.934-10.936 28.663-10.936 39.598 0z\"\/><path d=\"m32 7v-6h6\"\/><path d=\"m26 1h6\"\/><path d=\"m32 63v-4\"\/><path d=\"m32 11v-4\"\/><path d=\"m4 35h4\"\/><path d=\"m56 35h4\"\/><path d=\"m14.564 17.565l2.83 2.829\"\/><path d=\"m46.606 49.606l2.83 2.83\"\/><path d=\"m49.44 17.565l-2.829 2.829\"\/><path d=\"m17.395 49.606l-2.831 2.83\"\/><path d=\"m32 21v12\"\/><circle cx=\"32\" cy=\"35\" r=\"3\"\/><\/g><\/svg><\/span>\n\t\t\t<div class=\"content\">\n\t\t\t\t<h6>Zaman Y\u00f6netimi<\/h6>\n\t\t\t\t\t\t\t\t\t<div><p>Tasar\u0131mlar\u0131n\u0131z\u0131n zaman\u0131nda teslimi i\u00e7in rehberlik ve destek<\/p>\n<\/div>\n\t\t\t\t\t\t\t<\/div>\n\t\t\t<style>\n\t\t\t\t#thb-iconbox-74>span {\n\t\t\t\t\tcolor: #006bff;\n\t\t\t\t}\n\t\t\t\t#thb-iconbox-74>span {\n\t\t\t\t\tbackground-color: ;\n\t\t\t\t}\n\t\t\t\t#thb-iconbox-74 .content h6 {\n\t\t\t\t\tcolor: ;\n\t\t\t\t}\n\t\t\t\t#thb-iconbox-74 .content div {\n\t\t\t\t\tcolor: ;\n\t\t\t\t}\n\t\t\t\t\t\t\t\t#thb-iconbox-74 svg path,\n\t\t\t\t#thb-iconbox-74 svg circle,\n\t\t\t\t#thb-iconbox-74 rect,\n\t\t\t\t#thb-iconbox-74 svg ellipse {\n\t\t\t\t\tstroke: #006bff;\n\t\t\t\t}\n\t\t\t\t\t\t\t<\/style>\n\n\t\t<\/div>\n\t[vc_empty_space height=&#8221;40px&#8221;][\/vc_column_inner][vc_column_inner width=&#8221;1\/3&#8243;]\t\t<div id=\"thb-iconbox-52\" class=\"thb-iconbox top type1 left-aligned\" data-animation_speed=\"1\">\n\t\t\t<span><svg xmlns=\"http:\/\/www.w3.org\/2000\/svg\" viewBox=\"0 0 64 64\" enable-background=\"new 0 0 64 64\"><g fill=\"none\" stroke=\"#000\" stroke-width=\"2\" stroke-miterlimit=\"10\"><circle cx=\"32\" cy=\"19\" r=\"4\"\/><path d=\"M45,21.023C44.968,13.276,39.181,7,32,7\n\t\ts-13,6.276-13,14.023C19,31.046,31.979,47,31.979,47S45.043,31.046,45,21.023z\"\/><path d=\"m21 37h-9l-11 20h31 31l-11-20h-9\"\/><\/g><\/svg><\/span>\n\t\t\t<div class=\"content\">\n\t\t\t\t<h6>Yerelle\u015ftirme<\/h6>\n\t\t\t\t\t\t\t\t\t<div><p>Uluslararas\u0131 tasar\u0131m projelerinin yerelle\u015ftirilmesi<\/p>\n<\/div>\n\t\t\t\t\t\t\t<\/div>\n\t\t\t<style>\n\t\t\t\t#thb-iconbox-52>span {\n\t\t\t\t\tcolor: #006bff;\n\t\t\t\t}\n\t\t\t\t#thb-iconbox-52>span {\n\t\t\t\t\tbackground-color: ;\n\t\t\t\t}\n\t\t\t\t#thb-iconbox-52 .content h6 {\n\t\t\t\t\tcolor: ;\n\t\t\t\t}\n\t\t\t\t#thb-iconbox-52 .content div {\n\t\t\t\t\tcolor: ;\n\t\t\t\t}\n\t\t\t\t\t\t\t\t#thb-iconbox-52 svg path,\n\t\t\t\t#thb-iconbox-52 svg circle,\n\t\t\t\t#thb-iconbox-52 rect,\n\t\t\t\t#thb-iconbox-52 svg ellipse {\n\t\t\t\t\tstroke: #006bff;\n\t\t\t\t}\n\t\t\t\t\t\t\t<\/style>\n\n\t\t<\/div>\n\t[vc_empty_space height=&#8221;40px&#8221;][\/vc_column_inner][vc_column_inner width=&#8221;1\/3&#8243;][\/vc_column_inner][\/vc_row_inner][\/vc_column][\/vc_row][vc_row css=&#8221;.vc_custom_1490810793213{padding-top: 5vh !important;padding-bottom: 5vh !important;}&#8221;][vc_column width=&#8221;1\/4&#8243;][vc_column_text css=&#8221;&#8221;]\n<h5>Firmalar<\/h5>\n[\/vc_column_text][vc_empty_space height=&#8221;35px&#8221;][\/vc_column][vc_column width=&#8221;3\/4&#8243;][vc_row_inner][vc_column_inner width=&#8221;1\/3&#8243;][vc_column_text css=&#8221;&#8221;]Migros<\/p>\n<p>CarrefourSA<\/p>\n<p>Garanti Bankas\u0131[\/vc_column_text][\/vc_column_inner][vc_column_inner width=&#8221;1\/3&#8243;][vc_column_text css=&#8221;&#8221;]EnerjiSA<\/p>\n<p>T\u00fcrkiye Bankalar Birli\u011fi<\/p>\n<p>Abdi \u0130brahim[\/vc_column_text][\/vc_column_inner][vc_column_inner width=&#8221;1\/3&#8243;][vc_column_text css=&#8221;&#8221;]Eczac\u0131ba\u015f\u0131<\/p>\n<p>Penta Teknoloji<\/p>\n<p>Borusan Holding[\/vc_column_text][\/vc_column_inner][\/vc_row_inner][\/vc_column][\/vc_row][vc_row css=&#8221;.vc_custom_1490810846155{padding-top: 5vh !important;padding-bottom: 10vh !important;}&#8221;][vc_column width=&#8221;1\/4&#8243;][vc_empty_space height=&#8221;28px&#8221;][vc_column_text css=&#8221;&#8221;]\n<h5>\u00d6d\u00fcller<\/h5>\n[\/vc_column_text][vc_empty_space height=&#8221;35px&#8221;][\/vc_column][vc_column width=&#8221;3\/4&#8243;]\t<div id=\"thb-awards-86\" class=\"thb-awards-parent\">\n\t\t\t<div class=\"thb-awards row\">\n\t\t<div class=\"small-12 large-2 columns\">\n\t\t\t<span class=\"award-date\">2023<\/span>\n\t\t<\/div>\n\t\t<div class=\"columns\">\n\t\t\t<div class=\"award-container\">\n\t\t\t\t<div class=\"row\">\n\t\t\t\t\t<div class=\"small-6 large-5 columns\">\n\t\t\t\t\t\tFrederich Neumann Vakf\u0131 Yapay Zeka Afi\u015f Tasar\u0131m Yar\u0131\u015fmas\u0131\t\t\t\t\t<\/div>\n\t\t\t\t\t<div class=\"small-6 large-7 columns small-text-left medium-text-right thb-award-description\">\n\t\t\t\t\t\t<strong>Mansiyon \u00d6d\u00fcl\u00fc<\/strong>\t\t\t\t\t<\/div>\n\t\t\t\t<\/div>\n\t\t\t<\/div>\n\t\t<\/div>\n\t<\/div>\n\t\t<div class=\"thb-awards row\">\n\t\t<div class=\"small-12 large-2 columns\">\n\t\t\t<span class=\"award-date\">2016<\/span>\n\t\t<\/div>\n\t\t<div class=\"columns\">\n\t\t\t<div class=\"award-container\">\n\t\t\t\t<div class=\"row\">\n\t\t\t\t\t<div class=\"small-6 large-5 columns\">\n\t\t\t\t\t\tT.C. K\u00fclt\u00fcr ve Turizm Bakanl\u0131\u011f\u0131 ``Turkey Fascinates`` Animasyon Yar\u0131\u015fmas\u0131\t\t\t\t\t<\/div>\n\t\t\t\t\t<div class=\"small-6 large-7 columns small-text-left medium-text-right thb-award-description\">\n\t\t\t\t\t\t<strong>1.lik \u00d6d\u00fcl\u00fc<\/strong>\t\t\t\t\t<\/div>\n\t\t\t\t<\/div>\n\t\t\t<\/div>\n\t\t<\/div>\n\t<\/div>\n\t\t<div class=\"thb-awards row\">\n\t\t<div class=\"small-12 large-2 columns\">\n\t\t\t<span class=\"award-date\">2015<\/span>\n\t\t<\/div>\n\t\t<div class=\"columns\">\n\t\t\t<div class=\"award-container\">\n\t\t\t\t<div class=\"row\">\n\t\t\t\t\t<div class=\"small-6 large-5 columns\">\n\t\t\t\t\t\tCarrefourSA 40. Y\u0131l TV Kampanyas\u0131\t\t\t\t\t<\/div>\n\t\t\t\t\t<div class=\"small-6 large-7 columns small-text-left medium-text-right thb-award-description\">\n\t\t\t\t\t\t<strong>1. lik \u00d6d\u00fcl\u00fc<\/strong>\t\t\t\t\t<\/div>\n\t\t\t\t<\/div>\n\t\t\t<\/div>\n\t\t<\/div>\n\t<\/div>\n\t\t<div class=\"thb-awards row\">\n\t\t<div class=\"small-12 large-2 columns\">\n\t\t\t<span class=\"award-date\">2008<\/span>\n\t\t<\/div>\n\t\t<div class=\"columns\">\n\t\t\t<div class=\"award-container\">\n\t\t\t\t<div class=\"row\">\n\t\t\t\t\t<div class=\"small-6 large-5 columns\">\n\t\t\t\t\t\t\u00c7anakkale \u015eehitler An\u0131t\u0131 Logo Yar\u0131\u015fmas\u0131\t\t\t\t\t<\/div>\n\t\t\t\t\t<div class=\"small-6 large-7 columns small-text-left medium-text-right thb-award-description\">\n\t\t\t\t\t\t<strong>3. l\u00fck \u00d6d\u00fcl\u00fc<\/strong>\t\t\t\t\t<\/div>\n\t\t\t\t<\/div>\n\t\t\t<\/div>\n\t\t<\/div>\n\t<\/div>\n\t\t<\/div>\n\t[\/vc_column][\/vc_row][vc_row css=&#8221;.vc_custom_1491571632146{border-top-width: 4px !important;padding-top: 8vh !important;padding-bottom: 8vh !important;border-top-color: #dddddd !important;border-top-style: solid !important;}&#8221;][vc_column el_class=&#8221;text-center&#8221;][vc_column_text css=&#8221;&#8221;]\n<h2>Tasar\u0131m Projeniz mi var?<\/h2>\n[\/vc_column_text][vc_empty_space height=&#8221;40px&#8221;]\t<a class=\"btn  style6  \" href=\"http:\/\/barisatiker.net\/index.php\/iletisim\" target=\"_self\" role=\"button\" title=\"\u0130leti\u015fim\"><span>\u0130leti\u015fim<\/span><\/a>\n\n\t[\/vc_column][\/vc_row]\n<\/div>","protected":false},"excerpt":{"rendered":"<p>[vc_row thb_full_width=&#8221;true&#8221; thb_row_padding=&#8221;true&#8221; mouse_scroll=&#8221;true&#8221; css=&#8221;.vc_custom_1491571562992{padding-top: 30vh !important;padding-bottom: 30vh !important;background-image: url(http:\/\/newnotio.fuelthemes.net\/wp-content\/uploads\/sites\/7\/2017\/03\/about-corporate.jpg?id=387) !important;background-position: center !important;background-repeat: no-repeat !important;background-size: cover !important;}&#8221;][vc_column][\/vc_column][\/vc_row][vc_row css=&#8221;.vc_custom_1491555993974{padding-top: 8vh !important;padding-bottom: 8vh !important;}&#8221;][vc_column width=&#8221;1\/4&#8243;][vc_column_text css=&#8221;&#8221;] Dan\u0131\u015fmanl\u0131k [\/vc_column_text][vc_empty_space height=&#8221;35px&#8221;][\/vc_column][vc_column width=&#8221;3\/4&#8243;][vc_column_text css=&#8221;&#8221;] Tasar\u0131m vizyonunuzu birlikte ger\u00e7e\u011fe d\u00f6n\u00fc\u015ft\u00fcrelim [\/vc_column_text][vc_empty_space height=&#8221;40px&#8221;][vc_column_text css=&#8221;&#8221;]25 y\u0131l\u0131 a\u015fk\u0131n profesyonel ve akademik deneyimimle, tasar\u0131m projelerinizi bir \u00fcst seviyeye ta\u015f\u0131yacak kapsaml\u0131 dan\u0131\u015fmanl\u0131k hizmetleri ile proje y\u00f6netiminden&hellip;<\/p>\n","protected":false},"author":1,"featured_media":0,"parent":0,"menu_order":0,"comment_status":"closed","ping_status":"closed","template":"","meta":{"footnotes":""},"jetpack_sharing_enabled":true,"_links":{"self":[{"href":"https:\/\/barisatiker.net\/index.php\/wp-json\/wp\/v2\/pages\/831"}],"collection":[{"href":"https:\/\/barisatiker.net\/index.php\/wp-json\/wp\/v2\/pages"}],"about":[{"href":"https:\/\/barisatiker.net\/index.php\/wp-json\/wp\/v2\/types\/page"}],"author":[{"embeddable":true,"href":"https:\/\/barisatiker.net\/index.php\/wp-json\/wp\/v2\/users\/1"}],"replies":[{"embeddable":true,"href":"https:\/\/barisatiker.net\/index.php\/wp-json\/wp\/v2\/comments?post=831"}],"version-history":[{"count":6,"href":"https:\/\/barisatiker.net\/index.php\/wp-json\/wp\/v2\/pages\/831\/revisions"}],"predecessor-version":[{"id":840,"href":"https:\/\/barisatiker.net\/index.php\/wp-json\/wp\/v2\/pages\/831\/revisions\/840"}],"wp:attachment":[{"href":"https:\/\/barisatiker.net\/index.php\/wp-json\/wp\/v2\/media?parent=831"}],"curies":[{"name":"wp","href":"https:\/\/api.w.org\/{rel}","templated":true}]}}