{"id":774,"date":"2024-07-06T05:57:58","date_gmt":"2024-07-06T05:57:58","guid":{"rendered":"http:\/\/barisatiker.net\/?post_type=product&#038;p=774"},"modified":"2024-07-06T06:04:00","modified_gmt":"2024-07-06T06:04:00","slug":"yapay-zeka-ile-konsept-tasarimi-video-egitimi","status":"publish","type":"product","link":"https:\/\/barisatiker.net\/index.php\/product\/yapay-zeka-ile-konsept-tasarimi-video-egitimi\/","title":{"rendered":"Yapay Zeka ile Konsept Tasar\u0131m\u0131 &#8211; Video E\u011fitimi"},"content":{"rendered":"<p>Yapay Zeka ile Konsept Tasar\u0131m\u0131 Video E\u011fitimi<\/p>\n","protected":false},"excerpt":{"rendered":"<p>Yapay Zeka ile Konsept Tasar\u0131m\u0131<\/p>\n","protected":false},"featured_media":775,"comment_status":"closed","ping_status":"closed","template":"","meta":[],"product_cat":[93],"product_tag":[94],"jetpack_sharing_enabled":true,"_links":{"self":[{"href":"https:\/\/barisatiker.net\/index.php\/wp-json\/wp\/v2\/product\/774"}],"collection":[{"href":"https:\/\/barisatiker.net\/index.php\/wp-json\/wp\/v2\/product"}],"about":[{"href":"https:\/\/barisatiker.net\/index.php\/wp-json\/wp\/v2\/types\/product"}],"replies":[{"embeddable":true,"href":"https:\/\/barisatiker.net\/index.php\/wp-json\/wp\/v2\/comments?post=774"}],"wp:featuredmedia":[{"embeddable":true,"href":"https:\/\/barisatiker.net\/index.php\/wp-json\/wp\/v2\/media\/775"}],"wp:attachment":[{"href":"https:\/\/barisatiker.net\/index.php\/wp-json\/wp\/v2\/media?parent=774"}],"wp:term":[{"taxonomy":"product_cat","embeddable":true,"href":"https:\/\/barisatiker.net\/index.php\/wp-json\/wp\/v2\/product_cat?post=774"},{"taxonomy":"product_tag","embeddable":true,"href":"https:\/\/barisatiker.net\/index.php\/wp-json\/wp\/v2\/product_tag?post=774"}],"curies":[{"name":"wp","href":"https:\/\/api.w.org\/{rel}","templated":true}]}}